{"id":209,"date":"2021-01-10T17:54:39","date_gmt":"2021-01-10T16:54:39","guid":{"rendered":"http:\/\/127.0.0.1:3020\/affiliate-program\/"},"modified":"2021-02-22T13:32:14","modified_gmt":"2021-02-22T12:32:14","slug":"affiliate-program","status":"publish","type":"page","link":"https:\/\/roklenfx.tvorba-stranek.org\/sk\/affiliate-program\/","title":{"rendered":"Affiliate program"},"content":{"rendered":"<h3 style=\"text-align: left;\"><strong>Program pre sprostredkovanie prov\u00edzie zo slu\u017eieb platobnej in\u0161tit\u00facie<\/strong><\/h3>\n<p style=\"text-align: left;\">Podiel na zisku vo v\u00fd\u0161i 10% zo zisku RoklenFx po dobu 24 mesiacov od registr\u00e1cie doporu\u010den\u00e9ho klienta. Minim\u00e1lna \u010diastka k vyplateniu prov\u00edzie za kalend\u00e1rny rok je 5 000 K\u010d, inak n\u00e1rok na prov\u00edziu za dan\u00fd rok zanik\u00e1.<\/p>\n<p style=\"text-align: left;\">Pokia\u013e m\u00e1te z\u00e1ujem o spolupr\u00e1cu, kontaktujte n\u00e1s pros\u00edm na telef\u00f3ne (+420) 236 071 600, alebo e-mailom: <a class=\"affillink\" href=\"mailto:info@roklen.cz\">support@roklen.cz<\/a>.<\/p>\n<p style=\"text-align: left;\">Prov\u00edzny program iba na z\u00e1klade vy\u017eiadania a schv\u00e1lenia Roklenom. Prov\u00edzny partner mus\u00ed by\u0165 v\u017edy vopred schv\u00e1len\u00fd Roklenom a nem\u00f4\u017ee si n\u00e1rokova\u0165 prov\u00edzie sp\u00e4tne, alebo za vlastn\u00e9 realizovan\u00e9 transakcie.<\/p>\n","protected":false},"excerpt":{"rendered":"<p>Program pre sprostredkovanie prov\u00edzie zo slu\u017eieb platobnej in\u0161tit\u00facie Podiel na zisku vo v\u00fd\u0161i 10% zo zisku RoklenFx po dobu 24 mesiacov od registr\u00e1cie doporu\u010den\u00e9ho klienta&#8230;.<\/p>\n","protected":false},"author":4,"featured_media":0,"parent":0,"menu_order":0,"comment_status":"closed","ping_status":"closed","template":"","meta":{"_acf_changed":false,"footnotes":""},"class_list":["post-209","page","type-page","status-publish","hentry"],"acf":[],"_links":{"self":[{"href":"https:\/\/roklenfx.tvorba-stranek.org\/sk\/wp-json\/wp\/v2\/pages\/209","targetHints":{"allow":["GET"]}}],"collection":[{"href":"https:\/\/roklenfx.tvorba-stranek.org\/sk\/wp-json\/wp\/v2\/pages"}],"about":[{"href":"https:\/\/roklenfx.tvorba-stranek.org\/sk\/wp-json\/wp\/v2\/types\/page"}],"author":[{"embeddable":true,"href":"https:\/\/roklenfx.tvorba-stranek.org\/sk\/wp-json\/wp\/v2\/users\/4"}],"replies":[{"embeddable":true,"href":"https:\/\/roklenfx.tvorba-stranek.org\/sk\/wp-json\/wp\/v2\/comments?post=209"}],"version-history":[{"count":6,"href":"https:\/\/roklenfx.tvorba-stranek.org\/sk\/wp-json\/wp\/v2\/pages\/209\/revisions"}],"predecessor-version":[{"id":781,"href":"https:\/\/roklenfx.tvorba-stranek.org\/sk\/wp-json\/wp\/v2\/pages\/209\/revisions\/781"}],"wp:attachment":[{"href":"https:\/\/roklenfx.tvorba-stranek.org\/sk\/wp-json\/wp\/v2\/media?parent=209"}],"curies":[{"name":"wp","href":"https:\/\/api.w.org\/{rel}","templated":true}]}}